{"id":491,"date":"2024-11-11T12:52:00","date_gmt":"2024-11-11T17:52:00","guid":{"rendered":"http:\/\/www.equipementsgr.com\/o\/?page_id=491"},"modified":"2024-11-11T14:55:52","modified_gmt":"2024-11-11T19:55:52","slug":"agriculture","status":"publish","type":"page","link":"https:\/\/www.equipementsgr.com\/o\/agriculture\/","title":{"rendered":"Fabrication d&rsquo;accessoires d&rsquo;agriculture"},"content":{"rendered":"<p>[et_pb_section fb_built=\u00a0\u00bb1&Prime; _builder_version=\u00a0\u00bb4.27.2&Prime; _module_preset=\u00a0\u00bbdefault\u00a0\u00bb global_colors_info=\u00a0\u00bb{}\u00a0\u00bb][et_pb_row _builder_version=\u00a0\u00bb4.27.2&Prime; _module_preset=\u00a0\u00bbdefault\u00a0\u00bb global_colors_info=\u00a0\u00bb{}\u00a0\u00bb][et_pb_column type=\u00a0\u00bb4_4&Prime; _builder_version=\u00a0\u00bb4.27.2&Prime; _module_preset=\u00a0\u00bbdefault\u00a0\u00bb global_colors_info=\u00a0\u00bb{}\u00a0\u00bb][et_pb_text _builder_version=\u00a0\u00bb4.27.2&Prime; _module_preset=\u00a0\u00bbdefault\u00a0\u00bb global_colors_info=\u00a0\u00bb{}\u00a0\u00bb]<\/p>\n<p align=\"justify\"><span style=\"font-family: Sherif;\">Les accessoires d&rsquo;agriculture peuvent \u00eatre utilis\u00e9s pour diff\u00e9rentes \u00e9tapes du processus agricole, tels que le labourage, la pr\u00e9paration du sol, la plantation, l&rsquo;irrigation, la fertilisation, la protection des cultures contre les ravageurs et les maladies, la r\u00e9colte, et m\u00eame le stockage des r\u00e9coltes. Ces outils sont con\u00e7us pour augmenter l&rsquo;efficacit\u00e9 et la productivit\u00e9 des agriculteurs, tout en r\u00e9duisant la p\u00e9nibilit\u00e9 des t\u00e2ches agricoles.<\/span><\/p>\n<p align=\"justify\"><span style=\"font-family: Sherif;\">Les machines agricoles, telles que les tracteurs, les moissonneuses-batteuses, les semoirs, les pulv\u00e9risateurs, les \u00e9pandeurs d&rsquo;engrais, et bien d&rsquo;autres, sont des exemples d&rsquo;accessoires d&rsquo;agriculture modernes qui ont r\u00e9volutionn\u00e9 l&rsquo;industrie agricole en automatisant de nombreuses t\u00e2ches manuelles et en permettant aux agriculteurs d&rsquo;augmenter leur production tout en r\u00e9duisant leurs co\u00fbts.<\/span><\/p>\n<p align=\"justify\"><span style=\"font-family: Sherif;\">Les outils manuels, tels que les houes, les r\u00e2teaux, les s\u00e9cateurs, les binettes, les faucilles, les b\u00eaches, et bien d&rsquo;autres, sont des accessoires d&rsquo;agriculture plus traditionnels qui sont toujours largement utilis\u00e9s dans de nombreuses r\u00e9gions du monde pour des t\u00e2ches sp\u00e9cifiques ou dans des petites exploitations agricoles. Ils sont souvent consid\u00e9r\u00e9s comme indispensables pour certains travaux agricoles qui n\u00e9cessitent une attention particuli\u00e8re ou une pr\u00e9cision manuelle.<\/span><\/p>\n<p align=\"justify\"><span style=\"font-family: Sherif;\">Enfin, les pi\u00e8ces de rechange sont \u00e9galement des accessoires d&rsquo;agriculture essentiels pour assurer le bon fonctionnement des machines agricoles. Il est important pour les agriculteurs d&rsquo;avoir en stock des pi\u00e8ces de rechange pour remplacer rapidement les pi\u00e8ces d\u00e9fectueuses ou us\u00e9es, afin de minimiser les temps d&rsquo;arr\u00eat et de maximiser la productivit\u00e9 de leurs exploitations.<\/span><\/p>\n<p align=\"justify\"><span style=\"font-family: Sherif;\">En somme, les accessoires d&rsquo;agriculture sont des alli\u00e9s indispensables pour les agriculteurs du monde entier, leur permettant de travailler plus efficacement, de produire davantage, et de r\u00e9pondre aux d\u00e9fis croissants de l&rsquo;agriculture moderne.<\/span><\/p>\n<p>[\/et_pb_text][\/et_pb_column][\/et_pb_row][et_pb_row _builder_version=\u00a0\u00bb4.27.2&Prime; _module_preset=\u00a0\u00bbdefault\u00a0\u00bb custom_padding=\u00a0\u00bb0px|||||\u00a0\u00bb saved_tabs=\u00a0\u00bball\u00a0\u00bb global_colors_info=\u00a0\u00bb{}\u00a0\u00bb global_module=\u00a0\u00bb594&Prime; theme_builder_area=\u00a0\u00bbpost_content\u00a0\u00bb][et_pb_column type=\u00a0\u00bb4_4&Prime; _builder_version=\u00a0\u00bb4.27.2&Prime; _module_preset=\u00a0\u00bbdefault\u00a0\u00bb global_colors_info=\u00a0\u00bb{}\u00a0\u00bb theme_builder_area=\u00a0\u00bbpost_content\u00a0\u00bb][et_pb_text _builder_version=\u00a0\u00bb4.27.2&Prime; _module_preset=\u00a0\u00bbdefault\u00a0\u00bb global_colors_info=\u00a0\u00bb{}\u00a0\u00bb theme_builder_area=\u00a0\u00bbpost_content\u00a0\u00bb]<\/p>\n<p style=\"text-align: justify;\"><em><strong>CONCEPTION<\/strong><\/em>: <a href=\"https:\/\/www.equipementsgr.com\/o\/accessoires-tracteurs\/\">accessoires de tracteurs<\/a> |\u00a0 <a href=\"https:\/\/www.equipementsgr.com\/o\/mecanique\/\">m\u00e9canique<\/a> | <a href=\"https:\/\/www.equipementsgr.com\/o\/excavation\/\">\u00e9quipements d\u2019excavations<\/a> | <a href=\"https:\/\/www.equipementsgr.com\/o\/dents-defonceuses\/\">dents d\u00e9fonceuses<\/a> | <a href=\"https:\/\/www.equipementsgr.com\/o\/godet-en-v\/\">godet en v<\/a> | <a href=\"https:\/\/www.equipementsgr.com\/o\/godet-squelettique\/\">godets squelettiques<\/a> | <a href=\"https:\/\/www.equipementsgr.com\/o\/godet-sur-mesure\/\">godets sur mesure<\/a> | <a href=\"https:\/\/www.equipementsgr.com\/o\/peignes-agricoles\/\">peignes agricoles<\/a> | <a href=\"https:\/\/www.equipementsgr.com\/o\/pieces-metalliques\/\">pi\u00e8ces m\u00e9talliques<\/a> | <a href=\"https:\/\/www.equipementsgr.com\/o\/hydraulique\/\">hydraulique<\/a><\/p>\n<p>[\/et_pb_text][\/et_pb_column][\/et_pb_row][et_pb_row column_structure=\u00a0\u00bb1_3,1_3,1_3&Prime; _builder_version=\u00a0\u00bb4.27.2&Prime; _module_preset=\u00a0\u00bbdefault\u00a0\u00bb custom_padding=\u00a0\u00bb0px||0px|||\u00a0\u00bb global_module=\u00a0\u00bb512&Prime; global_colors_info=\u00a0\u00bb{}\u00a0\u00bb][et_pb_column type=\u00a0\u00bb1_3&Prime; _builder_version=\u00a0\u00bb4.27.2&Prime; _module_preset=\u00a0\u00bbdefault\u00a0\u00bb global_colors_info=\u00a0\u00bb{}\u00a0\u00bb][et_pb_image src=\u00a0\u00bbhttps:\/\/www.equipementsgr.com\/o\/wp-content\/uploads\/2024\/10\/001logo.png\u00a0\u00bb alt=\u00a0\u00bb\u00c9quipements G. Ren\u00e9\u00a0\u00bb title_text=\u00a0\u00bb\u00c9quipements G. Ren\u00e9\u00a0\u00bb align=\u00a0\u00bbcenter\u00a0\u00bb _builder_version=\u00a0\u00bb4.27.2&Prime; _module_preset=\u00a0\u00bbdefault\u00a0\u00bb width=\u00a0\u00bb150px\u00a0\u00bb global_colors_info=\u00a0\u00bb{}\u00a0\u00bb][\/et_pb_image][\/et_pb_column][et_pb_column type=\u00a0\u00bb1_3&Prime; _builder_version=\u00a0\u00bb4.27.2&Prime; _module_preset=\u00a0\u00bbdefault\u00a0\u00bb global_colors_info=\u00a0\u00bb{}\u00a0\u00bb][et_pb_image src=\u00a0\u00bbhttps:\/\/www.equipementsgr.com\/o\/wp-content\/uploads\/2024\/09\/009logo.png\u00a0\u00bb title_text=\u00a0\u00bb009logo\u00a0\u00bb align=\u00a0\u00bbcenter\u00a0\u00bb _builder_version=\u00a0\u00bb4.27.2&Prime; _module_preset=\u00a0\u00bbdefault\u00a0\u00bb width=\u00a0\u00bb200px\u00a0\u00bb global_colors_info=\u00a0\u00bb{}\u00a0\u00bb][\/et_pb_image][\/et_pb_column][et_pb_column type=\u00a0\u00bb1_3&Prime; _builder_version=\u00a0\u00bb4.27.2&Prime; _module_preset=\u00a0\u00bbdefault\u00a0\u00bb global_colors_info=\u00a0\u00bb{}\u00a0\u00bb][et_pb_image src=\u00a0\u00bbhttps:\/\/www.equipementsgr.com\/o\/wp-content\/uploads\/2024\/09\/011logo.png\u00a0\u00bb title_text=\u00a0\u00bb011logo\u00a0\u00bb align=\u00a0\u00bbcenter\u00a0\u00bb _builder_version=\u00a0\u00bb4.27.2&Prime; _module_preset=\u00a0\u00bbdefault\u00a0\u00bb width=\u00a0\u00bb200px\u00a0\u00bb global_colors_info=\u00a0\u00bb{}\u00a0\u00bb][\/et_pb_image][\/et_pb_column][\/et_pb_row][\/et_pb_section]<\/p>\n","protected":false},"excerpt":{"rendered":"<p>Les accessoires d&rsquo;agriculture peuvent \u00eatre utilis\u00e9s pour diff\u00e9rentes \u00e9tapes du processus agricole, tels que le labourage, la pr\u00e9paration du sol, la plantation, l&rsquo;irrigation, la fertilisation, la protection des cultures contre les ravageurs et les maladies, la r\u00e9colte, et m\u00eame le stockage des r\u00e9coltes. Ces outils sont con\u00e7us pour augmenter l&rsquo;efficacit\u00e9 et la productivit\u00e9 des agriculteurs, [&hellip;]<\/p>\n","protected":false},"author":1,"featured_media":0,"parent":0,"menu_order":0,"comment_status":"closed","ping_status":"closed","template":"","meta":{"_et_pb_use_builder":"on","_et_pb_old_content":"","_et_gb_content_width":"","footnotes":""},"class_list":["post-491","page","type-page","status-publish","hentry"],"_links":{"self":[{"href":"https:\/\/www.equipementsgr.com\/o\/wp-json\/wp\/v2\/pages\/491","targetHints":{"allow":["GET"]}}],"collection":[{"href":"https:\/\/www.equipementsgr.com\/o\/wp-json\/wp\/v2\/pages"}],"about":[{"href":"https:\/\/www.equipementsgr.com\/o\/wp-json\/wp\/v2\/types\/page"}],"author":[{"embeddable":true,"href":"https:\/\/www.equipementsgr.com\/o\/wp-json\/wp\/v2\/users\/1"}],"replies":[{"embeddable":true,"href":"https:\/\/www.equipementsgr.com\/o\/wp-json\/wp\/v2\/comments?post=491"}],"version-history":[{"count":7,"href":"https:\/\/www.equipementsgr.com\/o\/wp-json\/wp\/v2\/pages\/491\/revisions"}],"predecessor-version":[{"id":622,"href":"https:\/\/www.equipementsgr.com\/o\/wp-json\/wp\/v2\/pages\/491\/revisions\/622"}],"wp:attachment":[{"href":"https:\/\/www.equipementsgr.com\/o\/wp-json\/wp\/v2\/media?parent=491"}],"curies":[{"name":"wp","href":"https:\/\/api.w.org\/{rel}","templated":true}]}}