{"id":516,"date":"2024-11-11T13:35:31","date_gmt":"2024-11-11T18:35:31","guid":{"rendered":"http:\/\/www.equipementsgr.com\/o\/?page_id=516"},"modified":"2024-11-11T14:37:39","modified_gmt":"2024-11-11T19:37:39","slug":"accessoires-tracteurs","status":"publish","type":"page","link":"https:\/\/www.equipementsgr.com\/o\/accessoires-tracteurs\/","title":{"rendered":"pour les tracteurs"},"content":{"rendered":"<p>[et_pb_section fb_built=\u00a0\u00bb1&Prime; _builder_version=\u00a0\u00bb4.27.2&Prime; _module_preset=\u00a0\u00bbdefault\u00a0\u00bb global_colors_info=\u00a0\u00bb{}\u00a0\u00bb][et_pb_row _builder_version=\u00a0\u00bb4.27.2&Prime; _module_preset=\u00a0\u00bbdefault\u00a0\u00bb global_colors_info=\u00a0\u00bb{}\u00a0\u00bb][et_pb_column type=\u00a0\u00bb4_4&Prime; _builder_version=\u00a0\u00bb4.27.2&Prime; _module_preset=\u00a0\u00bbdefault\u00a0\u00bb global_colors_info=\u00a0\u00bb{}\u00a0\u00bb][et_pb_text _builder_version=\u00a0\u00bb4.27.2&Prime; _module_preset=\u00a0\u00bbdefault\u00a0\u00bb custom_margin=\u00a0\u00bb||8px|||\u00a0\u00bb global_colors_info=\u00a0\u00bb{}\u00a0\u00bb]<\/p>\n<h1>Conception d&rsquo;accessoires de tracteurs<\/h1>\n<p>[\/et_pb_text][et_pb_text _builder_version=\u00a0\u00bb4.27.2&Prime; _module_preset=\u00a0\u00bbdefault\u00a0\u00bb global_colors_info=\u00a0\u00bb{}\u00a0\u00bb]<\/p>\n<p align=\"justify\" style=\"margin-bottom: 0cm; line-height: 100%;\"><span style=\"font-family: Sherif;\">La conception d&rsquo;accessoires de tracteurs est un processus complexe qui implique la collaboration de plusieurs experts dans le domaine de l&rsquo;ing\u00e9nierie agricole. Chaque accessoire est minutieusement con\u00e7u pour s&rsquo;adapter parfaitement au tracteur et pour r\u00e9pondre aux besoins sp\u00e9cifiques des agriculteurs.<\/span><\/p>\n<p align=\"justify\" style=\"margin-bottom: 0cm; line-height: 100%;\">\n<p align=\"justify\" style=\"margin-bottom: 0cm; line-height: 100%;\"><span style=\"font-family: Sherif;\">Les ing\u00e9nieurs et concepteurs travaillent en \u00e9troite collaboration avec les agriculteurs pour comprendre leurs besoins et leurs contraintes. Gr\u00e2ce \u00e0 cette approche collaborative, les accessoires de tracteurs sont con\u00e7us pour \u00eatre \u00e0 la fois robustes, fiables et faciles \u00e0 utiliser sur le terrain.<\/span><\/p>\n<p align=\"justify\" style=\"margin-bottom: 0cm; line-height: 100%;\">\n<p align=\"justify\" style=\"margin-bottom: 0cm; line-height: 100%;\"><span style=\"font-family: Sherif;\">Les accessoires de tracteurs peuvent \u00eatre utilis\u00e9s pour une vari\u00e9t\u00e9 de t\u00e2ches agricoles, telles que le labourage, le semis, la r\u00e9colte et l&rsquo;\u00e9pandage d&rsquo;engrais. Gr\u00e2ce \u00e0 ces accessoires, les agriculteurs peuvent optimiser leur travail et augmenter leur productivit\u00e9.<\/span><\/p>\n<p align=\"justify\" style=\"margin-bottom: 0cm; line-height: 100%;\">\n<p align=\"justify\" style=\"margin-bottom: 0cm; line-height: 100%;\"><span style=\"font-family: Sherif;\">En fin de compte, la conception et la fabrication d&rsquo;accessoires de tracteurs ne sont pas seulement un moyen d&rsquo;am\u00e9liorer les performances des machines agricoles, mais aussi un moyen d&rsquo;accompagner et de soutenir les agriculteurs dans leur quotidien, en leur offrant des outils efficaces et adapt\u00e9s \u00e0 leurs besoins sp\u00e9cifiques.<\/span><\/p>\n<p>[\/et_pb_text][\/et_pb_column][\/et_pb_row][et_pb_row _builder_version=\u00a0\u00bb4.27.2&Prime; _module_preset=\u00a0\u00bbdefault\u00a0\u00bb saved_tabs=\u00a0\u00bball\u00a0\u00bb global_colors_info=\u00a0\u00bb{}\u00a0\u00bb global_module=\u00a0\u00bb594&Prime; theme_builder_area=\u00a0\u00bbpost_content\u00a0\u00bb][et_pb_column type=\u00a0\u00bb4_4&Prime; _builder_version=\u00a0\u00bb4.27.2&Prime; _module_preset=\u00a0\u00bbdefault\u00a0\u00bb global_colors_info=\u00a0\u00bb{}\u00a0\u00bb theme_builder_area=\u00a0\u00bbpost_content\u00a0\u00bb][et_pb_text _builder_version=\u00a0\u00bb4.27.2&Prime; _module_preset=\u00a0\u00bbdefault\u00a0\u00bb global_colors_info=\u00a0\u00bb{}\u00a0\u00bb theme_builder_area=\u00a0\u00bbpost_content\u00a0\u00bb]<\/p>\n<p style=\"text-align: justify;\"><em><strong>CONCEPTION<\/strong><\/em>: <a href=\"https:\/\/www.equipementsgr.com\/o\/accessoires-tracteurs\/\">accessoires de tracteurs<\/a> |\u00a0 <a href=\"https:\/\/www.equipementsgr.com\/o\/mecanique\/\">m\u00e9canique<\/a> | <a href=\"https:\/\/www.equipementsgr.com\/o\/excavation\/\">\u00e9quipements d\u2019excavations<\/a> | <a href=\"https:\/\/www.equipementsgr.com\/o\/dents-defonceuses\/\">dents d\u00e9fonceuses<\/a> | <a href=\"https:\/\/www.equipementsgr.com\/o\/godet-en-v\/\">godet en v<\/a> | <a href=\"https:\/\/www.equipementsgr.com\/o\/godet-squelettique\/\">godets squelettiques<\/a> | <a href=\"https:\/\/www.equipementsgr.com\/o\/godet-sur-mesure\/\">godets sur mesure<\/a> | <a href=\"https:\/\/www.equipementsgr.com\/o\/peignes-agricoles\/\">peignes agricoles<\/a> | <a href=\"https:\/\/www.equipementsgr.com\/o\/pieces-metalliques\/\">pi\u00e8ces m\u00e9talliques<\/a> | <a href=\"https:\/\/www.equipementsgr.com\/o\/hydraulique\/\">hydraulique<\/a><\/p>\n<p>[\/et_pb_text][\/et_pb_column][\/et_pb_row][et_pb_row column_structure=\u00a0\u00bb1_3,1_3,1_3&Prime; _builder_version=\u00a0\u00bb4.27.2&Prime; _module_preset=\u00a0\u00bbdefault\u00a0\u00bb custom_padding=\u00a0\u00bb0px||0px|||\u00a0\u00bb global_module=\u00a0\u00bb512&Prime; global_colors_info=\u00a0\u00bb{}\u00a0\u00bb][et_pb_column type=\u00a0\u00bb1_3&Prime; _builder_version=\u00a0\u00bb4.27.2&Prime; _module_preset=\u00a0\u00bbdefault\u00a0\u00bb global_colors_info=\u00a0\u00bb{}\u00a0\u00bb][et_pb_image src=\u00a0\u00bbhttps:\/\/www.equipementsgr.com\/o\/wp-content\/uploads\/2024\/10\/001logo.png\u00a0\u00bb alt=\u00a0\u00bb\u00c9quipements G. Ren\u00e9\u00a0\u00bb title_text=\u00a0\u00bb\u00c9quipements G. Ren\u00e9\u00a0\u00bb align=\u00a0\u00bbcenter\u00a0\u00bb _builder_version=\u00a0\u00bb4.27.2&Prime; _module_preset=\u00a0\u00bbdefault\u00a0\u00bb width=\u00a0\u00bb150px\u00a0\u00bb global_colors_info=\u00a0\u00bb{}\u00a0\u00bb][\/et_pb_image][\/et_pb_column][et_pb_column type=\u00a0\u00bb1_3&Prime; _builder_version=\u00a0\u00bb4.27.2&Prime; _module_preset=\u00a0\u00bbdefault\u00a0\u00bb global_colors_info=\u00a0\u00bb{}\u00a0\u00bb][et_pb_image src=\u00a0\u00bbhttps:\/\/www.equipementsgr.com\/o\/wp-content\/uploads\/2024\/09\/009logo.png\u00a0\u00bb title_text=\u00a0\u00bb009logo\u00a0\u00bb align=\u00a0\u00bbcenter\u00a0\u00bb _builder_version=\u00a0\u00bb4.27.2&Prime; _module_preset=\u00a0\u00bbdefault\u00a0\u00bb width=\u00a0\u00bb200px\u00a0\u00bb global_colors_info=\u00a0\u00bb{}\u00a0\u00bb][\/et_pb_image][\/et_pb_column][et_pb_column type=\u00a0\u00bb1_3&Prime; _builder_version=\u00a0\u00bb4.27.2&Prime; _module_preset=\u00a0\u00bbdefault\u00a0\u00bb global_colors_info=\u00a0\u00bb{}\u00a0\u00bb][et_pb_image src=\u00a0\u00bbhttps:\/\/www.equipementsgr.com\/o\/wp-content\/uploads\/2024\/09\/011logo.png\u00a0\u00bb title_text=\u00a0\u00bb011logo\u00a0\u00bb align=\u00a0\u00bbcenter\u00a0\u00bb _builder_version=\u00a0\u00bb4.27.2&Prime; _module_preset=\u00a0\u00bbdefault\u00a0\u00bb width=\u00a0\u00bb200px\u00a0\u00bb global_colors_info=\u00a0\u00bb{}\u00a0\u00bb][\/et_pb_image][\/et_pb_column][\/et_pb_row][\/et_pb_section]<\/p>\n","protected":false},"excerpt":{"rendered":"<p>Conception d&rsquo;accessoires de tracteursLa conception d&rsquo;accessoires de tracteurs est un processus complexe qui implique la collaboration de plusieurs experts dans le domaine de l&rsquo;ing\u00e9nierie agricole. Chaque accessoire est minutieusement con\u00e7u pour s&rsquo;adapter parfaitement au tracteur et pour r\u00e9pondre aux besoins sp\u00e9cifiques des agriculteurs. Les ing\u00e9nieurs et concepteurs travaillent en \u00e9troite collaboration avec les agriculteurs pour [&hellip;]<\/p>\n","protected":false},"author":1,"featured_media":0,"parent":0,"menu_order":0,"comment_status":"closed","ping_status":"closed","template":"","meta":{"_et_pb_use_builder":"on","_et_pb_old_content":"","_et_gb_content_width":"","footnotes":""},"class_list":["post-516","page","type-page","status-publish","hentry"],"_links":{"self":[{"href":"https:\/\/www.equipementsgr.com\/o\/wp-json\/wp\/v2\/pages\/516","targetHints":{"allow":["GET"]}}],"collection":[{"href":"https:\/\/www.equipementsgr.com\/o\/wp-json\/wp\/v2\/pages"}],"about":[{"href":"https:\/\/www.equipementsgr.com\/o\/wp-json\/wp\/v2\/types\/page"}],"author":[{"embeddable":true,"href":"https:\/\/www.equipementsgr.com\/o\/wp-json\/wp\/v2\/users\/1"}],"replies":[{"embeddable":true,"href":"https:\/\/www.equipementsgr.com\/o\/wp-json\/wp\/v2\/comments?post=516"}],"version-history":[{"count":5,"href":"https:\/\/www.equipementsgr.com\/o\/wp-json\/wp\/v2\/pages\/516\/revisions"}],"predecessor-version":[{"id":598,"href":"https:\/\/www.equipementsgr.com\/o\/wp-json\/wp\/v2\/pages\/516\/revisions\/598"}],"wp:attachment":[{"href":"https:\/\/www.equipementsgr.com\/o\/wp-json\/wp\/v2\/media?parent=516"}],"curies":[{"name":"wp","href":"https:\/\/api.w.org\/{rel}","templated":true}]}}