{"id":521,"date":"2024-11-11T13:38:08","date_gmt":"2024-11-11T18:38:08","guid":{"rendered":"http:\/\/www.equipementsgr.com\/o\/?page_id=521"},"modified":"2024-11-11T14:58:14","modified_gmt":"2024-11-11T19:58:14","slug":"equipements-excavation","status":"publish","type":"page","link":"https:\/\/www.equipementsgr.com\/o\/equipements-excavation\/","title":{"rendered":"Conception d&rsquo;equipements excavation"},"content":{"rendered":"<p>[et_pb_section fb_built=\u00a0\u00bb1&Prime; _builder_version=\u00a0\u00bb4.27.2&Prime; _module_preset=\u00a0\u00bbdefault\u00a0\u00bb global_colors_info=\u00a0\u00bb{}\u00a0\u00bb][et_pb_row _builder_version=\u00a0\u00bb4.27.2&Prime; _module_preset=\u00a0\u00bbdefault\u00a0\u00bb global_colors_info=\u00a0\u00bb{}\u00a0\u00bb][et_pb_column type=\u00a0\u00bb4_4&Prime; _builder_version=\u00a0\u00bb4.27.2&Prime; _module_preset=\u00a0\u00bbdefault\u00a0\u00bb global_colors_info=\u00a0\u00bb{}\u00a0\u00bb][et_pb_text _builder_version=\u00a0\u00bb4.27.2&Prime; _module_preset=\u00a0\u00bbdefault\u00a0\u00bb custom_margin=\u00a0\u00bb||11px|||\u00a0\u00bb global_colors_info=\u00a0\u00bb{}\u00a0\u00bb]<\/p>\n<h1>Conception d&rsquo;\u00e9quipements d&rsquo;excavation<\/h1>\n<p>[\/et_pb_text][et_pb_text _builder_version=\u00a0\u00bb4.27.2&Prime; _module_preset=\u00a0\u00bbdefault\u00a0\u00bb global_colors_info=\u00a0\u00bb{}\u00a0\u00bb]<\/p>\n<p align=\"justify\" style=\"margin-bottom: 0cm; line-height: 100%;\"><span style=\"font-family: Sherif;\">La conception d&rsquo;\u00e9quipements d&rsquo;excavation est un processus complexe qui n\u00e9cessite une analyse approfondie des besoins et des contraintes rencontr\u00e9es sur le terrain. Les ing\u00e9nieurs doivent non seulement prendre en compte les caract\u00e9ristiques des mat\u00e9riaux \u00e0 manipuler, mais aussi les conditions environnementales et les contraintes de s\u00e9curit\u00e9.<\/span><\/p>\n<p align=\"justify\" style=\"margin-bottom: 0cm; line-height: 100%;\">\n<p align=\"justify\" style=\"margin-bottom: 0cm; line-height: 100%;\"><span style=\"font-family: Sherif;\">En effet, la conception d&rsquo;\u00e9quipements d&rsquo;excavation ne se limite pas simplement \u00e0 la cr\u00e9ation de machines capables de creuser, d\u00e9placer et manipuler des mat\u00e9riaux. doit \u00e9galement garantir la s\u00e9curit\u00e9 des op\u00e9rateurs et des travailleurs sur le chantier. Cela implique par exemple l&rsquo;int\u00e9gration de syst\u00e8mes de protection contre les chutes, les projections de mat\u00e9riaux ou les accidents li\u00e9s \u00e0 la manipulation des engins.<\/span><\/p>\n<p align=\"justify\" style=\"margin-bottom: 0cm; line-height: 100%;\">\n<p align=\"justify\" style=\"margin-bottom: 0cm; line-height: 100%;\"><span style=\"font-family: Sherif;\">Par ailleurs, l&rsquo;efficacit\u00e9 des \u00e9quipements d&rsquo;excavation est un crit\u00e8re essentiel \u00e0 prendre en compte lors de la conception. Il s&rsquo;agit de maximiser la productivit\u00e9 des machines tout en minimisant les co\u00fbts d&rsquo;exploitation et d&rsquo;entretien. Cela implique par exemple l&rsquo;int\u00e9gration de technologies de pointe pour optimiser les performances des engins et r\u00e9duire leur consommation \u00e9nerg\u00e9tique.<\/span><\/p>\n<p align=\"justify\" style=\"margin-bottom: 0cm; line-height: 100%;\">\n<p align=\"justify\" style=\"margin-bottom: 0cm; line-height: 100%;\"><span style=\"font-family: Sherif;\">Enfin, la praticit\u00e9 des \u00e9quipements d&rsquo;excavation est un autre aspect crucial \u00e0 consid\u00e9rer lors de la conception. Les machines doivent \u00eatre faciles \u00e0 utiliser, entretenir et transporter pour garantir une utilisation optimale sur le terrain. Cela implique par exemple l&rsquo;int\u00e9gration de commandes intuitives, de dispositifs de s\u00e9curit\u00e9 facilement accessibles ou encore de syst\u00e8mes de maintenance simplifi\u00e9s.<\/span><\/p>\n<p align=\"justify\" style=\"margin-bottom: 0cm; line-height: 100%;\">\n<p align=\"justify\" style=\"margin-bottom: 0cm; line-height: 100%;\"><span style=\"font-family: Sherif;\">En somme, la conception d&rsquo;\u00e9quipements d&rsquo;excavation est un domaine complexe qui demande une expertise technique pointue, mais aussi une grande cr\u00e9ativit\u00e9 pour r\u00e9pondre aux besoins vari\u00e9s des professionnels du BTP.<\/span><\/p>\n<p>[\/et_pb_text][\/et_pb_column][\/et_pb_row][et_pb_row _builder_version=\u00a0\u00bb4.27.2&Prime; _module_preset=\u00a0\u00bbdefault\u00a0\u00bb custom_padding=\u00a0\u00bb0px|||||\u00a0\u00bb global_module=\u00a0\u00bb594&Prime; saved_tabs=\u00a0\u00bball\u00a0\u00bb global_colors_info=\u00a0\u00bb{}\u00a0\u00bb][et_pb_column type=\u00a0\u00bb4_4&Prime; _builder_version=\u00a0\u00bb4.27.2&Prime; _module_preset=\u00a0\u00bbdefault\u00a0\u00bb global_colors_info=\u00a0\u00bb{}\u00a0\u00bb][et_pb_text _builder_version=\u00a0\u00bb4.27.2&Prime; _module_preset=\u00a0\u00bbdefault\u00a0\u00bb hover_enabled=\u00a0\u00bb0&Prime; global_colors_info=\u00a0\u00bb{}\u00a0\u00bb sticky_enabled=\u00a0\u00bb0&Prime;]<\/p>\n<p style=\"text-align: justify;\"><em><strong>CONCEPTION<\/strong><\/em>: <a href=\"https:\/\/www.equipementsgr.com\/o\/accessoires-tracteurs\/\">accessoires de tracteurs<\/a> |\u00a0 <a href=\"https:\/\/www.equipementsgr.com\/o\/mecanique\/\">m\u00e9canique<\/a> | <a href=\"https:\/\/www.equipementsgr.com\/o\/excavation\/\">\u00e9quipements d\u2019excavation<\/a> | <a href=\"https:\/\/www.equipementsgr.com\/o\/dents-defonceuses\/\">dents d\u00e9fonceuses<\/a> | <a href=\"https:\/\/www.equipementsgr.com\/o\/godet-en-v\/\">godet en v<\/a> | <a href=\"https:\/\/www.equipementsgr.com\/o\/godet-squelettique\/\">godets squelettiques<\/a> | <a href=\"https:\/\/www.equipementsgr.com\/o\/godet-sur-mesure\/\">godets sur mesure<\/a> | <a href=\"https:\/\/www.equipementsgr.com\/o\/peignes-agricoles\/\">peignes agricoles<\/a> | <a href=\"https:\/\/www.equipementsgr.com\/o\/pieces-metalliques\/\">pi\u00e8ces m\u00e9talliques<\/a> | <a href=\"https:\/\/www.equipementsgr.com\/o\/hydraulique\/\">hydraulique<\/a><\/p>\n<p>[\/et_pb_text][\/et_pb_column][\/et_pb_row][et_pb_row column_structure=\u00a0\u00bb1_3,1_3,1_3&Prime; _builder_version=\u00a0\u00bb4.27.2&Prime; _module_preset=\u00a0\u00bbdefault\u00a0\u00bb custom_padding=\u00a0\u00bb0px||0px|||\u00a0\u00bb global_module=\u00a0\u00bb512&Prime; global_colors_info=\u00a0\u00bb{}\u00a0\u00bb][et_pb_column type=\u00a0\u00bb1_3&Prime; _builder_version=\u00a0\u00bb4.27.2&Prime; _module_preset=\u00a0\u00bbdefault\u00a0\u00bb global_colors_info=\u00a0\u00bb{}\u00a0\u00bb][et_pb_image src=\u00a0\u00bbhttps:\/\/www.equipementsgr.com\/o\/wp-content\/uploads\/2024\/10\/001logo.png\u00a0\u00bb alt=\u00a0\u00bb\u00c9quipements G. Ren\u00e9\u00a0\u00bb title_text=\u00a0\u00bb\u00c9quipements G. Ren\u00e9\u00a0\u00bb align=\u00a0\u00bbcenter\u00a0\u00bb _builder_version=\u00a0\u00bb4.27.2&Prime; _module_preset=\u00a0\u00bbdefault\u00a0\u00bb width=\u00a0\u00bb150px\u00a0\u00bb global_colors_info=\u00a0\u00bb{}\u00a0\u00bb][\/et_pb_image][\/et_pb_column][et_pb_column type=\u00a0\u00bb1_3&Prime; _builder_version=\u00a0\u00bb4.27.2&Prime; _module_preset=\u00a0\u00bbdefault\u00a0\u00bb global_colors_info=\u00a0\u00bb{}\u00a0\u00bb][et_pb_image src=\u00a0\u00bbhttps:\/\/www.equipementsgr.com\/o\/wp-content\/uploads\/2024\/09\/009logo.png\u00a0\u00bb title_text=\u00a0\u00bb009logo\u00a0\u00bb align=\u00a0\u00bbcenter\u00a0\u00bb _builder_version=\u00a0\u00bb4.27.2&Prime; _module_preset=\u00a0\u00bbdefault\u00a0\u00bb width=\u00a0\u00bb200px\u00a0\u00bb global_colors_info=\u00a0\u00bb{}\u00a0\u00bb][\/et_pb_image][\/et_pb_column][et_pb_column type=\u00a0\u00bb1_3&Prime; _builder_version=\u00a0\u00bb4.27.2&Prime; _module_preset=\u00a0\u00bbdefault\u00a0\u00bb global_colors_info=\u00a0\u00bb{}\u00a0\u00bb][et_pb_image src=\u00a0\u00bbhttps:\/\/www.equipementsgr.com\/o\/wp-content\/uploads\/2024\/09\/011logo.png\u00a0\u00bb title_text=\u00a0\u00bb011logo\u00a0\u00bb align=\u00a0\u00bbcenter\u00a0\u00bb _builder_version=\u00a0\u00bb4.27.2&Prime; _module_preset=\u00a0\u00bbdefault\u00a0\u00bb width=\u00a0\u00bb200px\u00a0\u00bb global_colors_info=\u00a0\u00bb{}\u00a0\u00bb][\/et_pb_image][\/et_pb_column][\/et_pb_row][\/et_pb_section]<\/p>\n","protected":false},"excerpt":{"rendered":"<p>Conception d&rsquo;\u00e9quipements d&rsquo;excavationLa conception d&rsquo;\u00e9quipements d&rsquo;excavation est un processus complexe qui n\u00e9cessite une analyse approfondie des besoins et des contraintes rencontr\u00e9es sur le terrain. Les ing\u00e9nieurs doivent non seulement prendre en compte les caract\u00e9ristiques des mat\u00e9riaux \u00e0 manipuler, mais aussi les conditions environnementales et les contraintes de s\u00e9curit\u00e9. En effet, la conception d&rsquo;\u00e9quipements d&rsquo;excavation ne [&hellip;]<\/p>\n","protected":false},"author":1,"featured_media":0,"parent":0,"menu_order":0,"comment_status":"closed","ping_status":"closed","template":"","meta":{"_et_pb_use_builder":"on","_et_pb_old_content":"","_et_gb_content_width":"","footnotes":""},"class_list":["post-521","page","type-page","status-publish","hentry"],"_links":{"self":[{"href":"https:\/\/www.equipementsgr.com\/o\/wp-json\/wp\/v2\/pages\/521","targetHints":{"allow":["GET"]}}],"collection":[{"href":"https:\/\/www.equipementsgr.com\/o\/wp-json\/wp\/v2\/pages"}],"about":[{"href":"https:\/\/www.equipementsgr.com\/o\/wp-json\/wp\/v2\/types\/page"}],"author":[{"embeddable":true,"href":"https:\/\/www.equipementsgr.com\/o\/wp-json\/wp\/v2\/users\/1"}],"replies":[{"embeddable":true,"href":"https:\/\/www.equipementsgr.com\/o\/wp-json\/wp\/v2\/comments?post=521"}],"version-history":[{"count":9,"href":"https:\/\/www.equipementsgr.com\/o\/wp-json\/wp\/v2\/pages\/521\/revisions"}],"predecessor-version":[{"id":625,"href":"https:\/\/www.equipementsgr.com\/o\/wp-json\/wp\/v2\/pages\/521\/revisions\/625"}],"wp:attachment":[{"href":"https:\/\/www.equipementsgr.com\/o\/wp-json\/wp\/v2\/media?parent=521"}],"curies":[{"name":"wp","href":"https:\/\/api.w.org\/{rel}","templated":true}]}}