{"id":527,"date":"2024-11-11T13:40:58","date_gmt":"2024-11-11T18:40:58","guid":{"rendered":"http:\/\/www.equipementsgr.com\/o\/?page_id=527"},"modified":"2024-11-11T14:54:51","modified_gmt":"2024-11-11T19:54:51","slug":"dents-defonceuses","status":"publish","type":"page","link":"https:\/\/www.equipementsgr.com\/o\/dents-defonceuses\/","title":{"rendered":"Conception de dents d\u00e9fonceuses"},"content":{"rendered":"<p>[et_pb_section fb_built=\u00a0\u00bb1&Prime; _builder_version=\u00a0\u00bb4.27.2&Prime; _module_preset=\u00a0\u00bbdefault\u00a0\u00bb custom_padding=\u00a0\u00bb8px|||||\u00a0\u00bb global_colors_info=\u00a0\u00bb{}\u00a0\u00bb][et_pb_row _builder_version=\u00a0\u00bb4.27.2&Prime; _module_preset=\u00a0\u00bbdefault\u00a0\u00bb global_colors_info=\u00a0\u00bb{}\u00a0\u00bb custom_padding=\u00a0\u00bb||0px|||\u00a0\u00bb][et_pb_column type=\u00a0\u00bb4_4&Prime; _builder_version=\u00a0\u00bb4.27.2&Prime; _module_preset=\u00a0\u00bbdefault\u00a0\u00bb global_colors_info=\u00a0\u00bb{}\u00a0\u00bb][et_pb_text _builder_version=\u00a0\u00bb4.27.2&Prime; _module_preset=\u00a0\u00bbdefault\u00a0\u00bb custom_margin=\u00a0\u00bb||11px|||\u00a0\u00bb global_colors_info=\u00a0\u00bb{}\u00a0\u00bb]<\/p>\n<h1>Conception de dents d\u00e9fonceuses<\/h1>\n<p>[\/et_pb_text][et_pb_text _builder_version=\u00a0\u00bb4.27.2&Prime; _module_preset=\u00a0\u00bbdefault\u00a0\u00bb global_colors_info=\u00a0\u00bb{}\u00a0\u00bb]<\/p>\n<p align=\"justify\" style=\"margin-bottom: 0cm; line-height: 100%;\"><span style=\"font-family: Sherif;\">La conception de la d\u00e9fonceuse est un v\u00e9ritable chef-d&rsquo;\u0153uvre d&rsquo;ing\u00e9nierie, associant la puissance du moteur \u00e0 la pr\u00e9cision de la lame rotative pour offrir une polyvalence sans pareille en mati\u00e8re de travail du bois. Gr\u00e2ce \u00e0 cet outil, les artisans peuvent r\u00e9aliser des formes complexes, des motifs d\u00e9coratifs ou encore des assemblages parfaits avec une facilit\u00e9 d\u00e9concertante Que ce soit pour la r\u00e9alisation de meubles, de cadres ou m\u00eame de sculptures, la d\u00e9fonceuse est l&rsquo;alli\u00e9e indispensable de tout menuisier ou \u00e9b\u00e9niste d\u00e9sireux de repousser les limites de sa cr\u00e9ativit\u00e9. Son utilisation requiert certes un certain savoir-faire et une bonne ma\u00eetrise technique, mais une fois ces comp\u00e9tences acquises, les possibilit\u00e9s offertes par la d\u00e9fonceuse sont infinies. Elle permet de donner vie \u00e0 des projets ambitieux et de faire preuve d&rsquo;une pr\u00e9cision sans faille dans chaque petit d\u00e9tail. En somme, la d\u00e9fonceuse est l&rsquo;outil indispensable pour tout amateur de travail du bois souhaitant allier performance, pr\u00e9cision et cr\u00e9ativit\u00e9 dans ses r\u00e9alisations.<\/span><\/p>\n<p align=\"justify\" style=\"margin-bottom: 0cm; line-height: 100%;\">\n<p>[\/et_pb_text][\/et_pb_column][\/et_pb_row][et_pb_row _builder_version=\u00a0\u00bb4.27.2&Prime; _module_preset=\u00a0\u00bbdefault\u00a0\u00bb custom_padding=\u00a0\u00bb0px|||||\u00a0\u00bb global_module=\u00a0\u00bb594&Prime; saved_tabs=\u00a0\u00bball\u00a0\u00bb global_colors_info=\u00a0\u00bb{}\u00a0\u00bb][et_pb_column type=\u00a0\u00bb4_4&Prime; _builder_version=\u00a0\u00bb4.27.2&Prime; _module_preset=\u00a0\u00bbdefault\u00a0\u00bb global_colors_info=\u00a0\u00bb{}\u00a0\u00bb][et_pb_text _builder_version=\u00a0\u00bb4.27.2&Prime; _module_preset=\u00a0\u00bbdefault\u00a0\u00bb global_colors_info=\u00a0\u00bb{}\u00a0\u00bb]<\/p>\n<p style=\"text-align: justify;\"><em><strong>CONCEPTION<\/strong><\/em>: <a href=\"https:\/\/www.equipementsgr.com\/o\/accessoires-tracteurs\/\">accessoires de tracteurs<\/a> |\u00a0 <a href=\"https:\/\/www.equipementsgr.com\/o\/mecanique\/\">m\u00e9canique<\/a> | <a href=\"https:\/\/www.equipementsgr.com\/o\/excavation\/\">\u00e9quipements d\u2019excavations<\/a> | <a href=\"https:\/\/www.equipementsgr.com\/o\/dents-defonceuses\/\">dents d\u00e9fonceuses<\/a> | <a href=\"https:\/\/www.equipementsgr.com\/o\/godet-en-v\/\">godet en v<\/a> | <a href=\"https:\/\/www.equipementsgr.com\/o\/godet-squelettique\/\">godets squelettiques<\/a> | <a href=\"https:\/\/www.equipementsgr.com\/o\/godet-sur-mesure\/\">godets sur mesure<\/a> | <a href=\"https:\/\/www.equipementsgr.com\/o\/peignes-agricoles\/\">peignes agricoles<\/a> | <a href=\"https:\/\/www.equipementsgr.com\/o\/pieces-metalliques\/\">pi\u00e8ces m\u00e9talliques<\/a> | <a href=\"https:\/\/www.equipementsgr.com\/o\/hydraulique\/\">hydraulique<\/a><\/p>\n<p>[\/et_pb_text][\/et_pb_column][\/et_pb_row][et_pb_row column_structure=\u00a0\u00bb1_3,1_3,1_3&Prime; _builder_version=\u00a0\u00bb4.27.2&Prime; _module_preset=\u00a0\u00bbdefault\u00a0\u00bb custom_padding=\u00a0\u00bb0px||0px|||\u00a0\u00bb global_module=\u00a0\u00bb512&Prime; global_colors_info=\u00a0\u00bb{}\u00a0\u00bb][et_pb_column type=\u00a0\u00bb1_3&Prime; _builder_version=\u00a0\u00bb4.27.2&Prime; _module_preset=\u00a0\u00bbdefault\u00a0\u00bb global_colors_info=\u00a0\u00bb{}\u00a0\u00bb][et_pb_image src=\u00a0\u00bbhttps:\/\/www.equipementsgr.com\/o\/wp-content\/uploads\/2024\/10\/001logo.png\u00a0\u00bb alt=\u00a0\u00bb\u00c9quipements G. Ren\u00e9\u00a0\u00bb title_text=\u00a0\u00bb\u00c9quipements G. Ren\u00e9\u00a0\u00bb align=\u00a0\u00bbcenter\u00a0\u00bb _builder_version=\u00a0\u00bb4.27.2&Prime; _module_preset=\u00a0\u00bbdefault\u00a0\u00bb width=\u00a0\u00bb150px\u00a0\u00bb global_colors_info=\u00a0\u00bb{}\u00a0\u00bb][\/et_pb_image][\/et_pb_column][et_pb_column type=\u00a0\u00bb1_3&Prime; _builder_version=\u00a0\u00bb4.27.2&Prime; _module_preset=\u00a0\u00bbdefault\u00a0\u00bb global_colors_info=\u00a0\u00bb{}\u00a0\u00bb][et_pb_image src=\u00a0\u00bbhttps:\/\/www.equipementsgr.com\/o\/wp-content\/uploads\/2024\/09\/009logo.png\u00a0\u00bb title_text=\u00a0\u00bb009logo\u00a0\u00bb align=\u00a0\u00bbcenter\u00a0\u00bb _builder_version=\u00a0\u00bb4.27.2&Prime; _module_preset=\u00a0\u00bbdefault\u00a0\u00bb width=\u00a0\u00bb200px\u00a0\u00bb global_colors_info=\u00a0\u00bb{}\u00a0\u00bb][\/et_pb_image][\/et_pb_column][et_pb_column type=\u00a0\u00bb1_3&Prime; _builder_version=\u00a0\u00bb4.27.2&Prime; _module_preset=\u00a0\u00bbdefault\u00a0\u00bb global_colors_info=\u00a0\u00bb{}\u00a0\u00bb][et_pb_image src=\u00a0\u00bbhttps:\/\/www.equipementsgr.com\/o\/wp-content\/uploads\/2024\/09\/011logo.png\u00a0\u00bb title_text=\u00a0\u00bb011logo\u00a0\u00bb align=\u00a0\u00bbcenter\u00a0\u00bb _builder_version=\u00a0\u00bb4.27.2&Prime; _module_preset=\u00a0\u00bbdefault\u00a0\u00bb width=\u00a0\u00bb200px\u00a0\u00bb global_colors_info=\u00a0\u00bb{}\u00a0\u00bb][\/et_pb_image][\/et_pb_column][\/et_pb_row][\/et_pb_section]<\/p>\n","protected":false},"excerpt":{"rendered":"<p>Conception de dents d\u00e9fonceusesLa conception de la d\u00e9fonceuse est un v\u00e9ritable chef-d&rsquo;\u0153uvre d&rsquo;ing\u00e9nierie, associant la puissance du moteur \u00e0 la pr\u00e9cision de la lame rotative pour offrir une polyvalence sans pareille en mati\u00e8re de travail du bois. Gr\u00e2ce \u00e0 cet outil, les artisans peuvent r\u00e9aliser des formes complexes, des motifs d\u00e9coratifs ou encore des assemblages [&hellip;]<\/p>\n","protected":false},"author":1,"featured_media":0,"parent":0,"menu_order":0,"comment_status":"closed","ping_status":"closed","template":"","meta":{"_et_pb_use_builder":"on","_et_pb_old_content":"","_et_gb_content_width":"","footnotes":""},"class_list":["post-527","page","type-page","status-publish","hentry"],"_links":{"self":[{"href":"https:\/\/www.equipementsgr.com\/o\/wp-json\/wp\/v2\/pages\/527","targetHints":{"allow":["GET"]}}],"collection":[{"href":"https:\/\/www.equipementsgr.com\/o\/wp-json\/wp\/v2\/pages"}],"about":[{"href":"https:\/\/www.equipementsgr.com\/o\/wp-json\/wp\/v2\/types\/page"}],"author":[{"embeddable":true,"href":"https:\/\/www.equipementsgr.com\/o\/wp-json\/wp\/v2\/users\/1"}],"replies":[{"embeddable":true,"href":"https:\/\/www.equipementsgr.com\/o\/wp-json\/wp\/v2\/comments?post=527"}],"version-history":[{"count":7,"href":"https:\/\/www.equipementsgr.com\/o\/wp-json\/wp\/v2\/pages\/527\/revisions"}],"predecessor-version":[{"id":620,"href":"https:\/\/www.equipementsgr.com\/o\/wp-json\/wp\/v2\/pages\/527\/revisions\/620"}],"wp:attachment":[{"href":"https:\/\/www.equipementsgr.com\/o\/wp-json\/wp\/v2\/media?parent=527"}],"curies":[{"name":"wp","href":"https:\/\/api.w.org\/{rel}","templated":true}]}}