{"id":547,"date":"2024-11-11T13:47:17","date_gmt":"2024-11-11T18:47:17","guid":{"rendered":"http:\/\/www.equipementsgr.com\/o\/?page_id=547"},"modified":"2024-11-11T14:39:36","modified_gmt":"2024-11-11T19:39:36","slug":"peignes-agricoles","status":"publish","type":"page","link":"https:\/\/www.equipementsgr.com\/o\/peignes-agricoles\/","title":{"rendered":"Conception de peignes agricoles"},"content":{"rendered":"<p>[et_pb_section fb_built=\u00a0\u00bb1&Prime; _builder_version=\u00a0\u00bb4.27.2&Prime; _module_preset=\u00a0\u00bbdefault\u00a0\u00bb global_colors_info=\u00a0\u00bb{}\u00a0\u00bb][et_pb_row _builder_version=\u00a0\u00bb4.27.2&Prime; _module_preset=\u00a0\u00bbdefault\u00a0\u00bb global_colors_info=\u00a0\u00bb{}\u00a0\u00bb][et_pb_column type=\u00a0\u00bb4_4&Prime; _builder_version=\u00a0\u00bb4.27.2&Prime; _module_preset=\u00a0\u00bbdefault\u00a0\u00bb global_colors_info=\u00a0\u00bb{}\u00a0\u00bb][et_pb_text _builder_version=\u00a0\u00bb4.27.2&Prime; _module_preset=\u00a0\u00bbdefault\u00a0\u00bb custom_margin=\u00a0\u00bb||11px|||\u00a0\u00bb global_colors_info=\u00a0\u00bb{}\u00a0\u00bb]<\/p>\n<h1>Conception de peignes agricoles<\/h1>\n<p>[\/et_pb_text][et_pb_text _builder_version=\u00a0\u00bb4.27.2&Prime; _module_preset=\u00a0\u00bbdefault\u00a0\u00bb global_colors_info=\u00a0\u00bb{}\u00a0\u00bb]<\/p>\n<p align=\"justify\" style=\"margin-bottom: 0cm; line-height: 100%;\"><span style=\"font-family: Sherif;\">Cette m\u00e9thode ancestrale a \u00e9t\u00e9 utilis\u00e9e pendant des si\u00e8cles avant l&rsquo;av\u00e8nement des machines agricoles modernes.<\/span><\/p>\n<p align=\"justify\" style=\"margin-bottom: 0cm; line-height: 100%;\">\n<p align=\"justify\" style=\"margin-bottom: 0cm; line-height: 100%;\"><span style=\"font-family: Sherif;\">Le peigne agricole est un outil simple mais efficace qui permet aux agriculteurs de r\u00e9colter leurs cultures de mani\u00e8re pr\u00e9cise et minutieuse. En passant le peigne \u00e0 travers les cultures, les agriculteurs peuvent s\u00e9parer les graines des tiges et des impuret\u00e9s, garantissant ainsi une r\u00e9colte de qualit\u00e9.<\/span><\/p>\n<p align=\"justify\" style=\"margin-bottom: 0cm; line-height: 100%;\">\n<p align=\"justify\" style=\"margin-bottom: 0cm; line-height: 100%;\"><span style=\"font-family: Sherif;\">Cette m\u00e9thode traditionnelle de r\u00e9colte a perdur\u00e9 dans de nombreuses r\u00e9gions du monde, notamment dans les zones rurales o\u00f9 les machines agricoles ne sont pas toujours disponibles ou adapt\u00e9es. Les agriculteurs continuent d&rsquo;utiliser le peigne agricole non seulement pour sa praticit\u00e9, mais aussi pour perp\u00e9tuer une tradition ancestrale qui fait partie int\u00e9grante de leur culture.<\/span><\/p>\n<p align=\"justify\" style=\"margin-bottom: 0cm; line-height: 100%;\">\n<p align=\"justify\" style=\"margin-bottom: 0cm; line-height: 100%;\"><span style=\"font-family: Sherif;\">En utilisant le peigne agricole, les agriculteurs peuvent \u00e9galement contr\u00f4ler plus efficacement la qualit\u00e9 de leur r\u00e9colte, en \u00e9liminant les mauvaises graines ou les impuret\u00e9s ind\u00e9sirables. Cela leur permet de produire des c\u00e9r\u00e9ales de meilleure qualit\u00e9, ce qui est essentiel pour assurer la rentabilit\u00e9 de leur exploitation agricole.<\/span><\/p>\n<p align=\"justify\" style=\"margin-bottom: 0cm; line-height: 100%;\">\n<p align=\"justify\" style=\"margin-bottom: 0cm; line-height: 100%;\"><span style=\"font-family: Sherif;\">En conclusion, la conception de peigne agricole est une m\u00e9thode traditionnelle mais toujours efficace de r\u00e9colte des c\u00e9r\u00e9ales \u00e0 la main. Les agriculteurs qui utilisent cette m\u00e9thode peuvent non seulement r\u00e9colter leurs cultures de mani\u00e8re pr\u00e9cise et minutieuse, mais aussi perp\u00e9tuer une tradition ancestrale qui fait partie int\u00e9grante de leur culture.<\/span><\/p>\n<p>[\/et_pb_text][\/et_pb_column][\/et_pb_row][et_pb_row _builder_version=\u00a0\u00bb4.27.2&Prime; _module_preset=\u00a0\u00bbdefault\u00a0\u00bb custom_padding=\u00a0\u00bb0px|||||\u00a0\u00bb saved_tabs=\u00a0\u00bball\u00a0\u00bb global_colors_info=\u00a0\u00bb{}\u00a0\u00bb global_module=\u00a0\u00bb594&Prime; theme_builder_area=\u00a0\u00bbpost_content\u00a0\u00bb][et_pb_column type=\u00a0\u00bb4_4&Prime; _builder_version=\u00a0\u00bb4.27.2&Prime; _module_preset=\u00a0\u00bbdefault\u00a0\u00bb global_colors_info=\u00a0\u00bb{}\u00a0\u00bb theme_builder_area=\u00a0\u00bbpost_content\u00a0\u00bb][et_pb_text _builder_version=\u00a0\u00bb4.27.2&Prime; _module_preset=\u00a0\u00bbdefault\u00a0\u00bb global_colors_info=\u00a0\u00bb{}\u00a0\u00bb theme_builder_area=\u00a0\u00bbpost_content\u00a0\u00bb]<\/p>\n<p style=\"text-align: justify;\"><em><strong>CONCEPTION<\/strong><\/em>: <a href=\"https:\/\/www.equipementsgr.com\/o\/accessoires-tracteurs\/\">accessoires de tracteurs<\/a> |\u00a0 <a href=\"https:\/\/www.equipementsgr.com\/o\/mecanique\/\">m\u00e9canique<\/a> | <a href=\"https:\/\/www.equipementsgr.com\/o\/excavation\/\">\u00e9quipements d\u2019excavations<\/a> | <a href=\"https:\/\/www.equipementsgr.com\/o\/dents-defonceuses\/\">dents d\u00e9fonceuses<\/a> | <a href=\"https:\/\/www.equipementsgr.com\/o\/godet-en-v\/\">godet en v<\/a> | <a href=\"https:\/\/www.equipementsgr.com\/o\/godet-squelettique\/\">godets squelettiques<\/a> | <a href=\"https:\/\/www.equipementsgr.com\/o\/godet-sur-mesure\/\">godets sur mesure<\/a> | <a href=\"https:\/\/www.equipementsgr.com\/o\/peignes-agricoles\/\">peignes agricoles<\/a> | <a href=\"https:\/\/www.equipementsgr.com\/o\/pieces-metalliques\/\">pi\u00e8ces m\u00e9talliques<\/a> | <a href=\"https:\/\/www.equipementsgr.com\/o\/hydraulique\/\">hydraulique<\/a><\/p>\n<p>[\/et_pb_text][\/et_pb_column][\/et_pb_row][et_pb_row column_structure=\u00a0\u00bb1_3,1_3,1_3&Prime; _builder_version=\u00a0\u00bb4.27.2&Prime; _module_preset=\u00a0\u00bbdefault\u00a0\u00bb custom_padding=\u00a0\u00bb0px||0px|||\u00a0\u00bb global_module=\u00a0\u00bb512&Prime; global_colors_info=\u00a0\u00bb{}\u00a0\u00bb][et_pb_column type=\u00a0\u00bb1_3&Prime; _builder_version=\u00a0\u00bb4.27.2&Prime; _module_preset=\u00a0\u00bbdefault\u00a0\u00bb global_colors_info=\u00a0\u00bb{}\u00a0\u00bb][et_pb_image src=\u00a0\u00bbhttps:\/\/www.equipementsgr.com\/o\/wp-content\/uploads\/2024\/10\/001logo.png\u00a0\u00bb alt=\u00a0\u00bb\u00c9quipements G. Ren\u00e9\u00a0\u00bb title_text=\u00a0\u00bb\u00c9quipements G. Ren\u00e9\u00a0\u00bb align=\u00a0\u00bbcenter\u00a0\u00bb _builder_version=\u00a0\u00bb4.27.2&Prime; _module_preset=\u00a0\u00bbdefault\u00a0\u00bb width=\u00a0\u00bb150px\u00a0\u00bb global_colors_info=\u00a0\u00bb{}\u00a0\u00bb][\/et_pb_image][\/et_pb_column][et_pb_column type=\u00a0\u00bb1_3&Prime; _builder_version=\u00a0\u00bb4.27.2&Prime; _module_preset=\u00a0\u00bbdefault\u00a0\u00bb global_colors_info=\u00a0\u00bb{}\u00a0\u00bb][et_pb_image src=\u00a0\u00bbhttps:\/\/www.equipementsgr.com\/o\/wp-content\/uploads\/2024\/09\/009logo.png\u00a0\u00bb title_text=\u00a0\u00bb009logo\u00a0\u00bb align=\u00a0\u00bbcenter\u00a0\u00bb _builder_version=\u00a0\u00bb4.27.2&Prime; _module_preset=\u00a0\u00bbdefault\u00a0\u00bb width=\u00a0\u00bb200px\u00a0\u00bb global_colors_info=\u00a0\u00bb{}\u00a0\u00bb][\/et_pb_image][\/et_pb_column][et_pb_column type=\u00a0\u00bb1_3&Prime; _builder_version=\u00a0\u00bb4.27.2&Prime; _module_preset=\u00a0\u00bbdefault\u00a0\u00bb global_colors_info=\u00a0\u00bb{}\u00a0\u00bb][et_pb_image src=\u00a0\u00bbhttps:\/\/www.equipementsgr.com\/o\/wp-content\/uploads\/2024\/09\/011logo.png\u00a0\u00bb title_text=\u00a0\u00bb011logo\u00a0\u00bb align=\u00a0\u00bbcenter\u00a0\u00bb _builder_version=\u00a0\u00bb4.27.2&Prime; _module_preset=\u00a0\u00bbdefault\u00a0\u00bb width=\u00a0\u00bb200px\u00a0\u00bb global_colors_info=\u00a0\u00bb{}\u00a0\u00bb][\/et_pb_image][\/et_pb_column][\/et_pb_row][\/et_pb_section]<\/p>\n","protected":false},"excerpt":{"rendered":"<p>Conception de peignes agricolesCette m\u00e9thode ancestrale a \u00e9t\u00e9 utilis\u00e9e pendant des si\u00e8cles avant l&rsquo;av\u00e8nement des machines agricoles modernes. Le peigne agricole est un outil simple mais efficace qui permet aux agriculteurs de r\u00e9colter leurs cultures de mani\u00e8re pr\u00e9cise et minutieuse. En passant le peigne \u00e0 travers les cultures, les agriculteurs peuvent s\u00e9parer les graines des [&hellip;]<\/p>\n","protected":false},"author":1,"featured_media":0,"parent":0,"menu_order":0,"comment_status":"closed","ping_status":"closed","template":"","meta":{"_et_pb_use_builder":"on","_et_pb_old_content":"","_et_gb_content_width":"","footnotes":""},"class_list":["post-547","page","type-page","status-publish","hentry"],"_links":{"self":[{"href":"https:\/\/www.equipementsgr.com\/o\/wp-json\/wp\/v2\/pages\/547","targetHints":{"allow":["GET"]}}],"collection":[{"href":"https:\/\/www.equipementsgr.com\/o\/wp-json\/wp\/v2\/pages"}],"about":[{"href":"https:\/\/www.equipementsgr.com\/o\/wp-json\/wp\/v2\/types\/page"}],"author":[{"embeddable":true,"href":"https:\/\/www.equipementsgr.com\/o\/wp-json\/wp\/v2\/users\/1"}],"replies":[{"embeddable":true,"href":"https:\/\/www.equipementsgr.com\/o\/wp-json\/wp\/v2\/comments?post=547"}],"version-history":[{"count":6,"href":"https:\/\/www.equipementsgr.com\/o\/wp-json\/wp\/v2\/pages\/547\/revisions"}],"predecessor-version":[{"id":603,"href":"https:\/\/www.equipementsgr.com\/o\/wp-json\/wp\/v2\/pages\/547\/revisions\/603"}],"wp:attachment":[{"href":"https:\/\/www.equipementsgr.com\/o\/wp-json\/wp\/v2\/media?parent=547"}],"curies":[{"name":"wp","href":"https:\/\/api.w.org\/{rel}","templated":true}]}}