{"id":650,"date":"2024-11-22T08:14:35","date_gmt":"2024-11-22T13:14:35","guid":{"rendered":"http:\/\/www.equipementsgr.com\/o\/?post_type=product&#038;p=650"},"modified":"2025-08-22T18:41:23","modified_gmt":"2025-08-22T22:41:23","slug":"fourche-a-godet-2000lbs","status":"publish","type":"product","link":"https:\/\/www.equipementsgr.com\/o\/produit\/fourche-a-godet-2000lbs\/","title":{"rendered":"fourche a godet 2000lbs"},"content":{"rendered":"<p><span class=\"x193iq5w xeuugli x13faqbe x1vvkbs x10flsy6 x1lliihq x1s928wv xhkezso x1gmr53x x1cpjm7i x1fgarty x1943h6x x4zkp8e x41vudc x6prxxf xvq8zen xo1l8bm xzsf02u\" dir=\"auto\">Fourche a godet (bucket, pelle) 2000lbs pour tracteur, loader, p\u00e9pine, pelle m\u00e9canique d&rsquo;une longueur de fourche de 42 pouces, Fabriqu\u00e9 au Qu\u00e9bec dans notre usine et en stock<\/span><\/p>\n","protected":false},"excerpt":{"rendered":"<p>Fourche a godet (bucket, pelle) 2000lbs pour tracteur, loader, p\u00e9pine, pelle m\u00e9canique d&rsquo;une longueur de fourche de 42 pouces, Fabriqu\u00e9 au Qu\u00e9bec dans notre usine et en stock<\/p>\n","protected":false},"featured_media":651,"template":"","meta":{"_et_pb_use_builder":"","_et_pb_old_content":"","_et_gb_content_width":""},"product_brand":[],"product_cat":[56,61,38,39],"product_tag":[],"class_list":{"0":"post-650","1":"product","2":"type-product","3":"status-publish","4":"has-post-thumbnail","6":"product_cat-manutention_excavation","7":"product_cat-manutention_industriel","8":"product_cat-manutention_tracteur","9":"product_cat-marketplace","11":"first","12":"instock","13":"taxable","14":"shipping-taxable","15":"purchasable","16":"product-type-simple"},"_links":{"self":[{"href":"https:\/\/www.equipementsgr.com\/o\/wp-json\/wp\/v2\/product\/650","targetHints":{"allow":["GET"]}}],"collection":[{"href":"https:\/\/www.equipementsgr.com\/o\/wp-json\/wp\/v2\/product"}],"about":[{"href":"https:\/\/www.equipementsgr.com\/o\/wp-json\/wp\/v2\/types\/product"}],"wp:featuredmedia":[{"embeddable":true,"href":"https:\/\/www.equipementsgr.com\/o\/wp-json\/wp\/v2\/media\/651"}],"wp:attachment":[{"href":"https:\/\/www.equipementsgr.com\/o\/wp-json\/wp\/v2\/media?parent=650"}],"wp:term":[{"taxonomy":"product_brand","embeddable":true,"href":"https:\/\/www.equipementsgr.com\/o\/wp-json\/wp\/v2\/product_brand?post=650"},{"taxonomy":"product_cat","embeddable":true,"href":"https:\/\/www.equipementsgr.com\/o\/wp-json\/wp\/v2\/product_cat?post=650"},{"taxonomy":"product_tag","embeddable":true,"href":"https:\/\/www.equipementsgr.com\/o\/wp-json\/wp\/v2\/product_tag?post=650"}],"curies":[{"name":"wp","href":"https:\/\/api.w.org\/{rel}","templated":true}]}}